{"id":30090,"date":"2021-01-24T06:09:16","date_gmt":"2021-01-24T05:09:16","guid":{"rendered":"https:\/\/juristenkunst.be\/?post_type=product&#038;p=30090"},"modified":"2021-01-24T06:12:56","modified_gmt":"2021-01-24T05:12:56","slug":"honore-daumier-croquis-parisiens-lhuissier-kopie","status":"publish","type":"product","link":"https:\/\/juristenkunst.be\/?product=honore-daumier-croquis-parisiens-lhuissier-kopie","title":{"rendered":"Honor\u00e9 Daumier &#8211; \u00e0 la Cour d&#8217;assises"},"content":{"rendered":"<p>Honor\u00e9 Daumier &#8211; \u00e0 la Cour d&#8217;assises<br \/>\n(schets zonder kader)<\/p>\n<p>27,5 x 40 cm &#8211;<\/p>\n<p>&nbsp;<\/p>\n<p>lithografie, gesigneerd H. Daumier.<\/p>\n<p>&nbsp;<\/p>\n","protected":false},"excerpt":{"rendered":"<p>Honor\u00e9 Daumier &#8211; \u00e0 la Cour d&#8217;assises (schets zonder kader) 27,5 x 40 cm &#8211; &nbsp; lithografie, gesigneerd H. Daumier. &nbsp;<\/p>\n","protected":false},"featured_media":30086,"comment_status":"open","ping_status":"closed","template":"","meta":[],"product_cat":[41,45,43,46,47,42,44,14,10,37],"product_tag":[],"_links":{"self":[{"href":"https:\/\/juristenkunst.be\/index.php?rest_route=\/wp\/v2\/product\/30090"}],"collection":[{"href":"https:\/\/juristenkunst.be\/index.php?rest_route=\/wp\/v2\/product"}],"about":[{"href":"https:\/\/juristenkunst.be\/index.php?rest_route=\/wp\/v2\/types\/product"}],"replies":[{"embeddable":true,"href":"https:\/\/juristenkunst.be\/index.php?rest_route=%2Fwp%2Fv2%2Fcomments&post=30090"}],"wp:featuredmedia":[{"embeddable":true,"href":"https:\/\/juristenkunst.be\/index.php?rest_route=\/wp\/v2\/media\/30086"}],"wp:attachment":[{"href":"https:\/\/juristenkunst.be\/index.php?rest_route=%2Fwp%2Fv2%2Fmedia&parent=30090"}],"wp:term":[{"taxonomy":"product_cat","embeddable":true,"href":"https:\/\/juristenkunst.be\/index.php?rest_route=%2Fwp%2Fv2%2Fproduct_cat&post=30090"},{"taxonomy":"product_tag","embeddable":true,"href":"https:\/\/juristenkunst.be\/index.php?rest_route=%2Fwp%2Fv2%2Fproduct_tag&post=30090"}],"curies":[{"name":"wp","href":"https:\/\/api.w.org\/{rel}","templated":true}]}}